{"id":3609,"date":"2022-04-12T05:33:40","date_gmt":"2022-04-12T05:33:40","guid":{"rendered":"https:\/\/www.calazans.net.br\/wp\/what-we-do\/"},"modified":"2024-02-13T23:39:19","modified_gmt":"2024-02-14T02:39:19","slug":"quem","status":"publish","type":"page","link":"https:\/\/www.calazans.net.br\/wp\/quem\/","title":{"rendered":"Quem \u00e9 Andr\u00e9 Calazans?"},"content":{"rendered":"\n\n\t<h2>\n\t\t\t\t\tQuem sou?\n\t\t\t\t<\/h2>\n\t\t\t\t<img loading=\"lazy\" decoding=\"async\" src=\"https:\/\/www.calazans.net.br\/wp\/wp-content\/uploads\/2024\/02\/foto.jpg\" alt=\"foto\" itemprop=\"image\" height=\"200\" width=\"200\" title=\"foto\" onerror=\"this.style.display='none'\"  \/>\n\t<h3>\n\t\t\t\t\t&#8211; Quem \u00e9 Andr\u00e9 Calazans?\n\t\t\t\t<\/h3>\n\t\t\t<p><strong>Mestre, Ex-Professor Universit\u00e1rio, Analista e Consultor S\u00eanior em Cyber Security<\/strong>, Coordenador de SOC, CSA (EC-COUNCIL), Cyber Thread Intelligence, Gest\u00e3o de Clientes na <strong>ISH Tecnologia e membro do CB-021<\/strong>.<\/p>\n<p>\u00a0<\/p>\n<p><strong>Pai do Miguel,<\/strong> uma ben\u00e7\u00e3o hoje com quase 8 anos de idade; 52 anos, <strong>transplantado Card\u00edaco<\/strong> (completos 10 anos em 10.08.2023).<\/p>\n<p>\u00a0<\/p>\n<p>Considero-me um bom explicador apenas e um pensador incessante em quest\u00f5es filos\u00f3ficas da vida.<\/p>\n<p>\u00a0<\/p>\n<p>F\u00e3 de Shopenchauer, Kant, Espinoza e Nietzsche.<\/p>\n<h5>\n\t\t01.\n\t<\/h5>\n\t<h3>\n\t\t\t\t\tForma\u00e7\u00e3o\n\t\t\t\t<\/h3>\n\t\t\t<ul>\n<li>Bacharel em Ci\u00eancias Cont\u00e1beis<\/li>\n<\/ul>\n<ul>\n<li>P\u00f3s graduado em Seguran\u00e7a de Redes de Computadores e em Cyber Thread Intelligence &#8211; CTI e em Educa\u00e7\u00e3o Financeira &#8211; M\u00e9todo DSOP<\/li>\n<\/ul>\n<ul>\n<li>Mestre em Gest\u00e3o da Tecnologia e da Gest\u00e3o do Conhecimento (Disserta\u00e7\u00e3o de Mestrado versada sobre a cria\u00e7\u00e3o de uma ferramenta de detec\u00e7\u00e3o de redes com a finalidade na Detec\u00e7\u00e3o de Intrusos em redes Ethernet, IP, utilizando duas enganes, uma inclusive em Intelig\u00eancia Artificial , usando Mult Layer Perceptron &#8211; em 2005.<\/li>\n<\/ul>\n<h5>\n\t\t02.\n\t<\/h5>\n\t<h3>\n\t\t\t\t\tCurr\u00edculo\n\t\t\t\t<\/h3>\n\t\t\t<ul>\n<li>Professor Universit\u00e1rio de Bacharelado e p\u00f3s Bacharelado Lato Sensu, com mais de 100 participa\u00e7\u00f5es em &#8220;bancas&#8221; de avalia\u00e7\u00e3o de TCCs.<\/li>\n<\/ul>\n<ul>\n<li>\n<p>Palestrante.<\/p>\n<\/li>\n<\/ul>\n<ul>\n<li>\n<p>Escritor.<\/p>\n<\/li>\n<\/ul>\n<ul>\n<li>Consultor.<\/li>\n<\/ul>\n<h5>\n\t\t03.\n\t<\/h5>\n\t<h3>\n\t\t\t\t\tAtualmente\n\t\t\t\t<\/h3>\n\t\t\t<ul>\n<li><strong>Analista e Consultor S\u00eanior<\/strong> em Cyber Security, Coordenador de SOC, Certificado CSA (EC-COUNCIL) &amp; atualmente tamb\u00e9m, <strong>Gestor de Clientes Prime na ISH Tecnologia<\/strong> e <strong>membro do CB-021 (ABNT)<\/strong> &#8211; Grupo respons\u00e1vel pela normatiza\u00e7\u00e3o no Brasil para as quest\u00f5es Cibern\u00e9ticas, ligadas ao padr\u00e3o ISO.<\/li>\n<\/ul>\n\n","protected":false},"excerpt":{"rendered":"<p>Quem sou? &#8211; Quem \u00e9 Andr\u00e9 Calazans? Mestre, Ex-Professor Universit\u00e1rio, Analista e Consultor S\u00eanior em Cyber Security, Coordenador de SOC, CSA (EC-COUNCIL), Cyber Thread Intelligence, Gest\u00e3o de Clientes na ISH Tecnologia e membro do CB-021. \u00a0 Pai do Miguel, uma ben\u00e7\u00e3o hoje com quase 8 anos de idade; 52 anos, transplantado Card\u00edaco (completos 10 anos [&hellip;]<\/p>\n","protected":false},"author":1,"featured_media":0,"parent":0,"menu_order":0,"comment_status":"closed","ping_status":"closed","template":"","meta":{"site-sidebar-layout":"no-sidebar","site-content-layout":"page-builder","ast-site-content-layout":"default","site-content-style":"default","site-sidebar-style":"default","ast-global-header-display":"","ast-banner-title-visibility":"","ast-main-header-display":"","ast-hfb-above-header-display":"","ast-hfb-below-header-display":"","ast-hfb-mobile-header-display":"","site-post-title":"disabled","ast-breadcrumbs-content":"","ast-featured-img":"disabled","footer-sml-layout":"","ast-disable-related-posts":"","theme-transparent-header-meta":"","adv-header-id-meta":"","stick-header-meta":"","header-above-stick-meta":"","header-main-stick-meta":"","header-below-stick-meta":"","astra-migrate-meta-layouts":"default","ast-page-background-enabled":"default","ast-page-background-meta":{"desktop":{"background-color":"","background-image":"","background-repeat":"repeat","background-position":"center center","background-size":"auto","background-attachment":"scroll","background-type":"","background-media":"","overlay-type":"","overlay-color":"","overlay-opacity":"","overlay-gradient":""},"tablet":{"background-color":"","background-image":"","background-repeat":"repeat","background-position":"center center","background-size":"auto","background-attachment":"scroll","background-type":"","background-media":"","overlay-type":"","overlay-color":"","overlay-opacity":"","overlay-gradient":""},"mobile":{"background-color":"","background-image":"","background-repeat":"repeat","background-position":"center center","background-size":"auto","background-attachment":"scroll","background-type":"","background-media":"","overlay-type":"","overlay-color":"","overlay-opacity":"","overlay-gradient":""}},"ast-content-background-meta":{"desktop":{"background-color":"var(--ast-global-color-5)","background-image":"","background-repeat":"repeat","background-position":"center center","background-size":"auto","background-attachment":"scroll","background-type":"","background-media":"","overlay-type":"","overlay-color":"","overlay-opacity":"","overlay-gradient":""},"tablet":{"background-color":"var(--ast-global-color-5)","background-image":"","background-repeat":"repeat","background-position":"center center","background-size":"auto","background-attachment":"scroll","background-type":"","background-media":"","overlay-type":"","overlay-color":"","overlay-opacity":"","overlay-gradient":""},"mobile":{"background-color":"var(--ast-global-color-5)","background-image":"","background-repeat":"repeat","background-position":"center center","background-size":"auto","background-attachment":"scroll","background-type":"","background-media":"","overlay-type":"","overlay-color":"","overlay-opacity":"","overlay-gradient":""}},"footnotes":""},"class_list":["post-3609","page","type-page","status-publish","hentry"],"_links":{"self":[{"href":"https:\/\/www.calazans.net.br\/wp\/wp-json\/wp\/v2\/pages\/3609","targetHints":{"allow":["GET"]}}],"collection":[{"href":"https:\/\/www.calazans.net.br\/wp\/wp-json\/wp\/v2\/pages"}],"about":[{"href":"https:\/\/www.calazans.net.br\/wp\/wp-json\/wp\/v2\/types\/page"}],"author":[{"embeddable":true,"href":"https:\/\/www.calazans.net.br\/wp\/wp-json\/wp\/v2\/users\/1"}],"replies":[{"embeddable":true,"href":"https:\/\/www.calazans.net.br\/wp\/wp-json\/wp\/v2\/comments?post=3609"}],"version-history":[{"count":7,"href":"https:\/\/www.calazans.net.br\/wp\/wp-json\/wp\/v2\/pages\/3609\/revisions"}],"predecessor-version":[{"id":3879,"href":"https:\/\/www.calazans.net.br\/wp\/wp-json\/wp\/v2\/pages\/3609\/revisions\/3879"}],"wp:attachment":[{"href":"https:\/\/www.calazans.net.br\/wp\/wp-json\/wp\/v2\/media?parent=3609"}],"curies":[{"name":"wp","href":"https:\/\/api.w.org\/{rel}","templated":true}]}}